{"id":121,"date":"2023-05-30T13:14:59","date_gmt":"2023-05-30T06:14:59","guid":{"rendered":"http:\/\/pasl.com.vn\/?page_id=121"},"modified":"2024-03-21T16:22:35","modified_gmt":"2024-03-21T09:22:35","slug":"gioi-thieu","status":"publish","type":"page","link":"https:\/\/pasl.com.vn\/vi\/gioi-thieu\/","title":{"rendered":"Gi\u1edbi thi\u1ec7u"},"content":{"rendered":"\t<section class=\"section aboutus-inc\" id=\"section_299094268\">\n\t\t<div class=\"bg section-bg fill bg-fill  \" >\n\n\t\t\t\n\t\t\t\n\t\t\t\n\n\t\t<\/div>\n\n\t\t\n\n\t\t<div class=\"section-content relative\">\n\t\t\t\n\n<div class=\"row row-small\"  id=\"row-1330564811\">\n\n\n\t<div id=\"col-1694934576\" class=\"col small-12 large-12\"  >\n\t\t\t\t<div class=\"col-inner text-center\"  >\n\t\t\t\n\t\t\t\n\n<div class=\"container section-title-container\" ><h2 class=\"section-title section-title-center\"><b><\/b><span class=\"section-title-main\" >V\u1ec0 CH\u00daNG T\u00d4I<\/span><b><\/b><\/h2><\/div>\n\n\n\t\t<\/div>\n\t\t\t\t\t<\/div>\n\n\t\n\n\t<div id=\"col-1669202574\" class=\"col medium-4 small-12 large-4\"  >\n\t\t\t\t<div class=\"col-inner\"  >\n\t\t\t\n\t\t\t\n\n\n\t\t<div class=\"icon-box featured-box icon-box-center text-center\"  >\n\t\t\t\t\t<div class=\"icon-box-img\" style=\"width: 80px\">\n\t\t\t\t<div class=\"icon\">\n\t\t\t\t\t<div class=\"icon-inner\" >\n\t\t\t\t\t\t<img loading=\"lazy\" decoding=\"async\" width=\"76\" height=\"76\" src=\"https:\/\/pasl.com.vn\/wp-content\/uploads\/2023\/12\/icon_1.png\" class=\"attachment-medium size-medium\" alt=\"\" \/>\t\t\t\t\t<\/div>\n\t\t\t\t<\/div>\n\t\t\t<\/div>\n\t\t\t\t<div class=\"icon-box-text last-reset\">\n\t\t\t\t\t\t\t\t\t\n\n\t<div id=\"text-3305922572\" class=\"text\">\n\t\t\n\n<h3>Gi\u1edbi thi\u1ec7u chung<\/h3>\n<p>C\u00d4NG TY TNHH GIAO NH\u1eacN V\u1eacN T\u1ea2I SAO TH\u00c1I B\u00ccNH D\u01af\u01a0NG - m\u1ed9t b\u1ed9 ph\u1eadn c\u1ee7a T\u1eadp \u0111o\u00e0n Pacific Star Vi\u1ec7t Nam - hi\u1ec7n l\u00e0 ch\u1ee7 s\u1edf h\u1eefu h\u1ed9p v\u00e0 T\u1ed5ng \u0111\u1ea1i l\u00fd c\u00e1c h\u00e3ng t\u00e0u Vi\u1ec7t Nam, Gi\u00e1m \u0111\u1ed1c NVOCC.<\/p>\n<p>Ch\u00fang t\u00f4i c\u00f3 v\u0103n ph\u00f2ng t\u1ea1i t\u1ea5t c\u1ea3 c\u00e1c c\u1ea3ng l\u1edbn c\u1ee7a Vi\u1ec7t Nam. V\u1edbi \u0111\u1ed9i ng\u0169 tr\u1ebb, n\u0103ng \u0111\u1ed9ng, c\u00f3 tr\u00ecnh \u0111\u1ed9 chuy\u00ean m\u00f4n cao v\u00e0 gi\u00e0u kinh nghi\u1ec7m, t\u1eebng l\u00e0m vi\u1ec7c cho c\u00e1c h\u00e3ng t\u00e0u nh\u01b0 PIL\/ACL,CNC Line...r\u1ea5t th\u00f4ng th\u1ea1o m\u1ecdi m\u1eb7t v\u1ec1 \u0111\u1ea1i l\u00fd t\u00e0u bi\u1ec3n v\u00e0 c\u00e1c ho\u1ea1t \u0111\u1ed9ng li\u00ean quan. Ch\u00fang t\u00f4i \u0111\u1ea3m b\u1ea3o cung c\u1ea5p cho b\u1ea1n nh\u1eefng d\u1ecbch v\u1ee5 v\u1eadn chuy\u1ec3n chuy\u00ean nghi\u1ec7p v\u00e0 t\u1eadn t\u00e2m nh\u1ea5t.<\/p>\n\t\t\n<style>\n#text-3305922572 {\n  color: rgb(0,0,0);\n}\n#text-3305922572 > * {\n  color: rgb(0,0,0);\n}\n<\/style>\n\t<\/div>\n\t\n\n\t\t<\/div>\n\t<\/div>\n\t\n\t\n\n\t\t<\/div>\n\t\t\t\t\t<\/div>\n\n\t\n\n\t<div id=\"col-1255824650\" class=\"col medium-4 small-12 large-4\"  >\n\t\t\t\t<div class=\"col-inner\"  >\n\t\t\t\n\t\t\t\n\n\n\t\t<div class=\"icon-box featured-box icon-box-center text-center\"  >\n\t\t\t\t\t<div class=\"icon-box-img\" style=\"width: 80px\">\n\t\t\t\t<div class=\"icon\">\n\t\t\t\t\t<div class=\"icon-inner\" >\n\t\t\t\t\t\t<img loading=\"lazy\" decoding=\"async\" width=\"76\" height=\"76\" src=\"https:\/\/pasl.com.vn\/wp-content\/uploads\/2023\/12\/icon_2.png\" class=\"attachment-medium size-medium\" alt=\"\" \/>\t\t\t\t\t<\/div>\n\t\t\t\t<\/div>\n\t\t\t<\/div>\n\t\t\t\t<div class=\"icon-box-text last-reset\">\n\t\t\t\t\t\t\t\t\t\n\n\t<div id=\"text-26481127\" class=\"text\">\n\t\t\n\n<h3>S\u1ee9 m\u1ec7nh<\/h3>\n<p>Ch\u00fang t\u00f4i mong mu\u1ed1n kh\u00f4ng ch\u1ec9 mang \u0111\u1ebfn cho kh\u00e1ch h\u00e0ng m\u1ed9t d\u1ecbch v\u1ee5 ch\u1ea5t l\u01b0\u1ee3ng theo ti\u00eau chu\u1ea9n qu\u1ed1c t\u1ebf v\u1edbi s\u1ef1 tr\u1ea3i nghi\u1ec7m th\u00e2n thi\u1ec7n v\u00e0 nhi\u1ec7t t\u00ecnh m\u00e0 c\u00f2n c\u00f9ng kh\u00e1ch h\u00e0ng c\u1ee7a m\u00ecnh x\u00e2y d\u1ef1ng m\u1ed9t cu\u1ed9c s\u1ed1ng t\u1ed1t \u0111\u1eb9p h\u01a1n.<\/p>\n<p>NHI\u1ec6M V\u1ee4<br \/>X\u00e2y d\u1ef1ng ni\u1ec1m tin, th\u00e1i \u0111\u1ed9 t\u00edch c\u1ef1c, d\u1ecbch v\u1ee5 chuy\u00ean nghi\u1ec7p.<\/p>\n<p>GI\u00c1 TR\u1eca<br \/>T\u00f4n tr\u1ecdng, quan t\u00e2m, l\u00e0m vi\u1ec7c nh\u00f3m, ch\u00ednh tr\u1ef1c<\/p>\n\t\t\n<style>\n#text-26481127 {\n  color: rgb(0,0,0);\n}\n#text-26481127 > * {\n  color: rgb(0,0,0);\n}\n<\/style>\n\t<\/div>\n\t\n\n\t\t<\/div>\n\t<\/div>\n\t\n\t\n\n\t\t<\/div>\n\t\t\t\t\t<\/div>\n\n\t\n\n\t<div id=\"col-1815487523\" class=\"col medium-4 small-12 large-4\"  >\n\t\t\t\t<div class=\"col-inner\"  >\n\t\t\t\n\t\t\t\n\n\n\t\t<div class=\"icon-box featured-box icon-box-center text-center\"  >\n\t\t\t\t\t<div class=\"icon-box-img\" style=\"width: 80px\">\n\t\t\t\t<div class=\"icon\">\n\t\t\t\t\t<div class=\"icon-inner\" >\n\t\t\t\t\t\t<img loading=\"lazy\" decoding=\"async\" width=\"76\" height=\"76\" src=\"https:\/\/pasl.com.vn\/wp-content\/uploads\/2023\/12\/icon_3-1.png\" class=\"attachment-medium size-medium\" alt=\"\" \/>\t\t\t\t\t<\/div>\n\t\t\t\t<\/div>\n\t\t\t<\/div>\n\t\t\t\t<div class=\"icon-box-text last-reset\">\n\t\t\t\t\t\t\t\t\t\n\n\t<div id=\"text-2353739565\" class=\"text\">\n\t\t\n\n<h3>T\u1ea7m nh\u00ecn<\/h3>\n<p>Cung c\u1ea5p gi\u1ea3i ph\u00e1p v\u1eadn chuy\u1ec3n v\u00e0 h\u1eadu c\u1ea7n t\u1ed5ng th\u1ec3 cho kh\u00e1ch h\u00e0ng \"D\u01b0\u1edbi m\u1ed9t m\u00e1i nh\u00e0\"<\/p>\n<p>T\u1ea7m nh\u00ecn c\u1ee7a ch\u00fang t\u00f4i l\u00e0 t\u1ea1o ra m\u1ed9t h\u1ec7 th\u1ed1ng v\u1eadn chuy\u1ec3n bi\u1ec3n \u0111\u1ea1t hi\u1ec7u su\u1ea5t cao, an to\u00e0n v\u00e0 linh ho\u1ea1t, \u0111\u1ed3ng th\u1eddi mang l\u1ea1i s\u1ef1 ti\u1ec7n l\u1ee3i cho kh\u00e1ch h\u00e0ng trong qu\u00e1 tr\u00ecnh qu\u1ea3n l\u00fd v\u00e0 theo d\u00f5i h\u00e0ng h\u00f3a tr\u00ean h\u00e0nh tr\u00ecnh d\u00e0i \u0111\u01b0\u1eddng bi\u1ec3n.<\/p>\n\t\t\n<style>\n#text-2353739565 {\n  color: rgb(0,0,0);\n}\n#text-2353739565 > * {\n  color: rgb(0,0,0);\n}\n<\/style>\n\t<\/div>\n\t\n\n\t\t<\/div>\n\t<\/div>\n\t\n\t\n\n\t\t<\/div>\n\t\t\t\t\t<\/div>\n\n\t\n\n<\/div>\n\n\t\t<\/div>\n\n\t\t\n<style>\n#section_299094268 {\n  padding-top: 60px;\n  padding-bottom: 60px;\n}\n#section_299094268 .section-bg.bg-loaded {\n  background-image: url(https:\/\/pasl.com.vn\/wp-content\/uploads\/2023\/10\/map.png);\n}\n#section_299094268 .section-bg {\n  background-position: 50% 0%;\n}\n<\/style>\n\t<\/section>\n\t\n\t<section class=\"section section_choose\" id=\"section_235459397\">\n\t\t<div class=\"bg section-bg fill bg-fill  \" >\n\n\t\t\t\n\t\t\t<div class=\"section-bg-overlay absolute fill\"><\/div>\n\t\t\t\n\n\t\t<\/div>\n\n\t\t\n\n\t\t<div class=\"section-content relative\">\n\t\t\t\n\n<div class=\"row row-small align-center\"  id=\"row-47924283\">\n\n\n\t<div id=\"col-950431759\" class=\"col choose-left pb-0 medium-8 small-12 large-8\"  >\n\t\t\t\t<div class=\"col-inner\"  >\n\t\t\t\n\t\t\t\n\n<div class=\"container section-title-container\" ><h2 class=\"section-title section-title-center\"><b><\/b><span class=\"section-title-main\" >T\u1ea0I SAO N\u00caN CH\u1eccN CH\u00daNG T\u00d4I<\/span><b><\/b><\/h2><\/div>\n\n<div class=\"row row-small\"  id=\"row-1606949203\">\n\n\n\t<div id=\"col-756570995\" class=\"col col-choose medium-6 small-12 large-6\"  >\n\t\t\t\t<div class=\"col-inner\"  >\n\t\t\t\n\t\t\t\n\n\t\t<div class=\"content-choose clearfix\">\n\t\t\t\t\n\n<div class=\"choose-left\">\n<span>01<\/span>\n<\/div>\n<div class=\"choose-right\">\n<h3 class=\"title-choose\">\nT\u01b0 v\u1ea5n chuy\u00ean s\u00e2u\n<\/h3>\n<div class=\"choose-sumary\">\n\u0110\u1ed9i ng\u0169 chuy\u00ean gia Logistics c\u1ee7a PASL v\u1edbi nhi\u1ec1u n\u0103m kinh nghi\u1ec7m t\u01b0 v\u1ea5n ph\u01b0\u01a1ng \u00e1n v\u1eadn t\u1ea3i t\u1ed1i \u01b0u nh\u1ea5t. Ch\u00fang t\u00f4i x\u1eed l\u00fd nhanh ch\u00f3ng, chuy\u00ean nghi\u1ec7p, minh b\u1ea1ch v\u00e0 hi\u1ec7u qu\u1ea3 c\u00e1c th\u1ee7 t\u1ee5c ph\u00e1p l\u00fd.\n<\/div>\n<\/div>\n\t\t<\/div>\n\t\n\n\t\t<\/div>\n\t\t\t\t\t<\/div>\n\n\t\n\n\t<div id=\"col-643648801\" class=\"col col-choose medium-6 small-12 large-6\"  >\n\t\t\t\t<div class=\"col-inner\"  >\n\t\t\t\n\t\t\t\n\n\t\t<div class=\"content-choose clearfix\">\n\t\t\t\t\n\n<div class=\"choose-left\">\n<span>02<\/span>\n<\/div>\n<div class=\"choose-right\">\n<h3 class=\"title-choose\">\n\u0110\u1ed9i ng\u0169 chuy\u00ean nghi\u1ec7p\n<\/h3>\n<div class=\"choose-sumary\">\nV\u1edbi nhi\u1ec1u chuy\u00ean vi\u00ean l\u00e2u n\u0103m c\u00f9ng v\u1edbi \u0111\u1ed9i ng\u0169 l\u00e3nh \u0111\u1ea1o Logitics l\u00e0 an t\u00e2m tuy\u1ec7t \u0111\u1ed1i\n<\/div>\n<\/div>\n\t\t<\/div>\n\t\n\n\t\t<\/div>\n\t\t\t\t\t<\/div>\n\n\t\n\n<\/div>\n<div class=\"row row-small\"  id=\"row-163774935\">\n\n\n\t<div id=\"col-523190470\" class=\"col col-choose medium-6 small-12 large-6\"  >\n\t\t\t\t<div class=\"col-inner\"  >\n\t\t\t\n\t\t\t\n\n\t\t<div class=\"content-choose clearfix\">\n\t\t\t\t\n\n<div class=\"choose-left\">\n\t\t\t\t\t\t\t\t<span>03<\/span>\n\t\t\t\t\t\t\t<\/div>\n\t\t\t\t\t\t\t<div class=\"choose-right\">\n\t\t\t\t\t\t\t\t<h3 class=\"title-choose\">\n\t\t\t\t\t\t\t\t\tGi\u1ea3i ph\u00e1p v\u01b0\u1ee3t tr\u1ed9i\t\t\t\t\t\t\t\t<\/h3>\n\t\t\t\t\t\t\t\t<div class=\"choose-sumary\">\n\t\t\t\t\t\t\t\t\tH\u1ec7 th\u1ed1ng tracking v\u00e0 qu\u1ea3n l\u00fd online cho ph\u00e9p kh\u00e1ch h\u00e0ng c\u00f3 th\u1ec3 ch\u1ee7 \u0111\u1ed9ng ki\u1ec3m so\u00e1t h\u00e0nh tr\u00ecnh c\u1ee7a \u0111\u01a1n h\u00e0ng.\n\t\t\t\t\t\t\t\t<\/div>\n\t\t\t\t\t\t\t<\/div>\n\t\t<\/div>\n\t\n\n\t\t<\/div>\n\t\t\t\t\n<style>\n#col-523190470 > .col-inner {\n  padding: 70px 0px 0px 0px;\n}\n<\/style>\n\t<\/div>\n\n\t\n\n\t<div id=\"col-1134500455\" class=\"col col-choose medium-6 small-12 large-6\"  >\n\t\t\t\t<div class=\"col-inner\"  >\n\t\t\t\n\t\t\t\n\n\t\t<div class=\"content-choose clearfix\">\n\t\t\t\t\n\n<div class=\"choose-left\">\n\t\t\t\t\t\t\t\t<span>04<\/span>\n\t\t\t\t\t\t\t<\/div>\n\t\t\t\t\t\t\t<div class=\"choose-right\">\n\t\t\t\t\t\t\t\t<h3 class=\"title-choose\">\n\t\t\t\t\t\t\t\t\t\u0110a d\u1ea1ng d\u1ecbch v\u1ee5 v\u1eadn chuy\u1ec3n\n\t\t\t\t\t\t\t\t<\/h3>\n\t\t\t\t\t\t\t\t<div class=\"choose-sumary\">\n\t\t\t\t\t\t\t\t\tCh\u00fang t\u00f4i mang t\u1edbi nhi\u1ec1u s\u1ef1 l\u1ef1a ch\u1ecdn chuy\u1ec3n ph\u00e1t ph\u00f9 h\u1ee3p v\u1edbi t\u1eebng y\u00eau c\u1ea7u \u0111\u1eb7c th\u00f9 m\u1ed7i c\u00e1 nh\u00e2n\/t\u1ed5 ch\u1ee9c\n\t\t\t\t\t\t\t\t<\/div>\n\t\t\t\t\t\t\t<\/div>\n\t\t<\/div>\n\t\n\n\t\t<\/div>\n\t\t\t\t\n<style>\n#col-1134500455 > .col-inner {\n  padding: 70px 0px 0px 0px;\n}\n<\/style>\n\t<\/div>\n\n\t\n\n<\/div>\n\n\t\t<\/div>\n\t\t\t\t\n<style>\n#col-950431759 > .col-inner {\n  padding: 30px 0px 0px 0px;\n  margin: 0px 0px 0px 0px;\n}\n<\/style>\n\t<\/div>\n\n\t\n\n\t<div id=\"col-1662526528\" class=\"col pb-0 medium-4 small-12 large-4\"  >\n\t\t\t\t<div class=\"col-inner\"  >\n\t\t\t\n\t\t\t\n\n\t<div class=\"img has-hover x md-x lg-x y md-y lg-y\" id=\"image_305478751\">\n\t\t\t\t\t\t\t\t<div class=\"img-inner dark\" style=\"margin:0px 0px 0px 0px;\">\n\t\t\t<img loading=\"lazy\" decoding=\"async\" width=\"2560\" height=\"2142\" src=\"https:\/\/pasl.com.vn\/wp-content\/uploads\/2023\/12\/Layer-2-scaled.webp\" class=\"attachment-original size-original\" alt=\"\" srcset=\"https:\/\/pasl.com.vn\/wp-content\/uploads\/2023\/12\/Layer-2-scaled.webp 2560w, https:\/\/pasl.com.vn\/wp-content\/uploads\/2023\/12\/Layer-2-300x251.webp 300w, https:\/\/pasl.com.vn\/wp-content\/uploads\/2023\/12\/Layer-2-1024x857.webp 1024w, https:\/\/pasl.com.vn\/wp-content\/uploads\/2023\/12\/Layer-2-768x643.webp 768w, https:\/\/pasl.com.vn\/wp-content\/uploads\/2023\/12\/Layer-2-1536x1285.webp 1536w, https:\/\/pasl.com.vn\/wp-content\/uploads\/2023\/12\/Layer-2-2048x1714.webp 2048w\" sizes=\"auto, (max-width: 2560px) 100vw, 2560px\" \/>\t\t\t\t\t\t\n\t\t\t\t\t<\/div>\n\t\t\t\t\t\t\t\t\n<style>\n#image_305478751 {\n  width: 100%;\n}\n<\/style>\n\t<\/div>\n\t\n\n\n\t\t<\/div>\n\t\t\t\t\n<style>\n#col-1662526528 > .col-inner {\n  padding: 30px 0px 0px 0px;\n  margin: 0px 0px 0px 0px;\n}\n<\/style>\n\t<\/div>\n\n\t\n\n\t<div id=\"col-824174603\" class=\"col medium-8 small-12 large-6\"  >\n\t\t\t\t<div class=\"col-inner\"  >\n\t\t\t\n\t\t\t\n\n\t<div id=\"text-2190919943\" class=\"text\">\n\t\t\n\n<h2>Th\u00e0nh Vi\u00ean Hi\u1ec7p H\u1ed9i<\/h2>\n\t\t\n<style>\n#text-2190919943 {\n  text-align: center;\n}\n<\/style>\n\t<\/div>\n\t\n\t<div id=\"stack-1949434995\" class=\"stack stack-row justify-center items-center\">\n\t\t\n\n\t<div class=\"img has-hover x md-x lg-x y md-y lg-y\" id=\"image_1022150920\">\n\t\t\t\t\t\t\t\t<div class=\"img-inner dark\" >\n\t\t\t<img loading=\"lazy\" decoding=\"async\" width=\"1210\" height=\"275\" src=\"https:\/\/pasl.com.vn\/wp-content\/uploads\/2024\/12\/llia.png\" class=\"attachment-original size-original\" alt=\"\" srcset=\"https:\/\/pasl.com.vn\/wp-content\/uploads\/2024\/12\/llia.png 1210w, https:\/\/pasl.com.vn\/wp-content\/uploads\/2024\/12\/llia-300x68.png 300w, https:\/\/pasl.com.vn\/wp-content\/uploads\/2024\/12\/llia-1024x233.png 1024w, https:\/\/pasl.com.vn\/wp-content\/uploads\/2024\/12\/llia-768x175.png 768w\" sizes=\"auto, (max-width: 1210px) 100vw, 1210px\" \/>\t\t\t\t\t\t\n\t\t\t\t\t<\/div>\n\t\t\t\t\t\t\t\t\n<style>\n#image_1022150920 {\n  width: 100%;\n}\n<\/style>\n\t<\/div>\n\t\n\n\t<div class=\"img has-hover x md-x lg-x y md-y lg-y\" id=\"image_312448257\">\n\t\t\t\t\t\t\t\t<div class=\"img-inner dark\" >\n\t\t\t<img loading=\"lazy\" decoding=\"async\" width=\"1122\" height=\"448\" src=\"https:\/\/pasl.com.vn\/wp-content\/uploads\/2024\/12\/gla.png\" class=\"attachment-original size-original\" alt=\"\" srcset=\"https:\/\/pasl.com.vn\/wp-content\/uploads\/2024\/12\/gla.png 1122w, https:\/\/pasl.com.vn\/wp-content\/uploads\/2024\/12\/gla-300x120.png 300w, https:\/\/pasl.com.vn\/wp-content\/uploads\/2024\/12\/gla-1024x409.png 1024w, https:\/\/pasl.com.vn\/wp-content\/uploads\/2024\/12\/gla-768x307.png 768w\" sizes=\"auto, (max-width: 1122px) 100vw, 1122px\" \/>\t\t\t\t\t\t\n\t\t\t\t\t<\/div>\n\t\t\t\t\t\t\t\t\n<style>\n#image_312448257 {\n  width: 100%;\n}\n<\/style>\n\t<\/div>\n\t\n\n\t<div class=\"img has-hover x md-x lg-x y md-y lg-y\" id=\"image_661164663\">\n\t\t\t\t\t\t\t\t<div class=\"img-inner dark\" >\n\t\t\t<img loading=\"lazy\" decoding=\"async\" width=\"513\" height=\"470\" src=\"https:\/\/pasl.com.vn\/wp-content\/uploads\/2024\/12\/fiata.png\" class=\"attachment-original size-original\" alt=\"\" srcset=\"https:\/\/pasl.com.vn\/wp-content\/uploads\/2024\/12\/fiata.png 513w, https:\/\/pasl.com.vn\/wp-content\/uploads\/2024\/12\/fiata-300x275.png 300w\" sizes=\"auto, (max-width: 513px) 100vw, 513px\" \/>\t\t\t\t\t\t\n\t\t\t\t\t<\/div>\n\t\t\t\t\t\t\t\t\n<style>\n#image_661164663 {\n  width: 100%;\n}\n<\/style>\n\t<\/div>\n\t\n\n\t<div class=\"img has-hover x md-x lg-x y md-y lg-y\" id=\"image_1447588535\">\n\t\t\t\t\t\t\t\t<div class=\"img-inner dark\" >\n\t\t\t<img loading=\"lazy\" decoding=\"async\" width=\"1200\" height=\"518\" src=\"https:\/\/pasl.com.vn\/wp-content\/uploads\/2025\/05\/photo_2025-05-23_10-09-21.jpg\" class=\"attachment-original size-original\" alt=\"\" srcset=\"https:\/\/pasl.com.vn\/wp-content\/uploads\/2025\/05\/photo_2025-05-23_10-09-21.jpg 1200w, https:\/\/pasl.com.vn\/wp-content\/uploads\/2025\/05\/photo_2025-05-23_10-09-21-300x130.jpg 300w, https:\/\/pasl.com.vn\/wp-content\/uploads\/2025\/05\/photo_2025-05-23_10-09-21-1024x442.jpg 1024w, https:\/\/pasl.com.vn\/wp-content\/uploads\/2025\/05\/photo_2025-05-23_10-09-21-768x332.jpg 768w\" sizes=\"auto, (max-width: 1200px) 100vw, 1200px\" \/>\t\t\t\t\t\t\n\t\t\t\t\t<\/div>\n\t\t\t\t\t\t\t\t\n<style>\n#image_1447588535 {\n  width: 100%;\n}\n<\/style>\n\t<\/div>\n\t\n\n\n\t\t\n<style>\n#stack-1949434995 > * {\n  --stack-gap: 2.5rem;\n}\n<\/style>\n\t<\/div>\n\t\n\n\t\t<\/div>\n\t\t\t\t\t<\/div>\n\n\t\n\n<\/div>\n\n\t\t<\/div>\n\n\t\t\n<style>\n#section_235459397 {\n  padding-top: 0px;\n  padding-bottom: 0px;\n}\n#section_235459397 .section-bg-overlay {\n  background-color: rgba(255,255,255,.5);\n}\n#section_235459397 .section-bg.bg-loaded {\n  background-image: url(https:\/\/pasl.com.vn\/wp-content\/uploads\/2023\/10\/choose_bg.png);\n}\n<\/style>\n\t<\/section>\n\t\n","protected":false},"excerpt":{"rendered":"","protected":false},"author":2,"featured_media":0,"parent":0,"menu_order":0,"comment_status":"closed","ping_status":"closed","template":"page-blank.php","meta":{"footnotes":""},"class_list":["post-121","page","type-page","status-publish","hentry"],"yoast_head":"<!-- This site is optimized with the Yoast SEO plugin v22.2 - https:\/\/yoast.com\/wordpress\/plugins\/seo\/ -->\n<title>Gi\u1edbi thi\u1ec7u - Pasl<\/title>\n<meta name=\"robots\" content=\"index, follow, max-snippet:-1, max-image-preview:large, max-video-preview:-1\" \/>\n<link rel=\"canonical\" href=\"https:\/\/pasl.com.vn\/vi\/gioi-thieu\/\" \/>\n<meta property=\"og:locale\" content=\"vi_VN\" \/>\n<meta property=\"og:type\" content=\"article\" \/>\n<meta property=\"og:title\" content=\"Gi\u1edbi thi\u1ec7u - Pasl\" \/>\n<meta property=\"og:url\" content=\"https:\/\/pasl.com.vn\/vi\/gioi-thieu\/\" \/>\n<meta property=\"og:site_name\" content=\"Pasl\" \/>\n<meta property=\"article:modified_time\" content=\"2024-03-21T09:22:35+00:00\" \/>\n<meta name=\"twitter:card\" content=\"summary_large_image\" \/>\n<script type=\"application\/ld+json\" class=\"yoast-schema-graph\">{\"@context\":\"https:\/\/schema.org\",\"@graph\":[{\"@type\":\"WebPage\",\"@id\":\"https:\/\/pasl.com.vn\/vi\/gioi-thieu\/\",\"url\":\"https:\/\/pasl.com.vn\/vi\/gioi-thieu\/\",\"name\":\"Gi\u1edbi thi\u1ec7u - Pasl\",\"isPartOf\":{\"@id\":\"https:\/\/pasl.com.vn\/#website\"},\"datePublished\":\"2023-05-30T06:14:59+00:00\",\"dateModified\":\"2024-03-21T09:22:35+00:00\",\"breadcrumb\":{\"@id\":\"https:\/\/pasl.com.vn\/vi\/gioi-thieu\/#breadcrumb\"},\"inLanguage\":\"vi-VN\",\"potentialAction\":[{\"@type\":\"ReadAction\",\"target\":[\"https:\/\/pasl.com.vn\/vi\/gioi-thieu\/\"]}]},{\"@type\":\"BreadcrumbList\",\"@id\":\"https:\/\/pasl.com.vn\/vi\/gioi-thieu\/#breadcrumb\",\"itemListElement\":[{\"@type\":\"ListItem\",\"position\":1,\"name\":\"Trang ch\u1ee7\",\"item\":\"https:\/\/pasl.com.vn\/vi\/\"},{\"@type\":\"ListItem\",\"position\":2,\"name\":\"Gi\u1edbi thi\u1ec7u\"}]},{\"@type\":\"WebSite\",\"@id\":\"https:\/\/pasl.com.vn\/#website\",\"url\":\"https:\/\/pasl.com.vn\/\",\"name\":\"Pasl\",\"description\":\"\",\"potentialAction\":[{\"@type\":\"SearchAction\",\"target\":{\"@type\":\"EntryPoint\",\"urlTemplate\":\"https:\/\/pasl.com.vn\/?s={search_term_string}\"},\"query-input\":\"required name=search_term_string\"}],\"inLanguage\":\"vi-VN\"}]}<\/script>\n<!-- \/ Yoast SEO plugin. -->","yoast_head_json":{"title":"Gi\u1edbi thi\u1ec7u - Pasl","robots":{"index":"index","follow":"follow","max-snippet":"max-snippet:-1","max-image-preview":"max-image-preview:large","max-video-preview":"max-video-preview:-1"},"canonical":"https:\/\/pasl.com.vn\/vi\/gioi-thieu\/","og_locale":"vi_VN","og_type":"article","og_title":"Gi\u1edbi thi\u1ec7u - Pasl","og_url":"https:\/\/pasl.com.vn\/vi\/gioi-thieu\/","og_site_name":"Pasl","article_modified_time":"2024-03-21T09:22:35+00:00","twitter_card":"summary_large_image","schema":{"@context":"https:\/\/schema.org","@graph":[{"@type":"WebPage","@id":"https:\/\/pasl.com.vn\/vi\/gioi-thieu\/","url":"https:\/\/pasl.com.vn\/vi\/gioi-thieu\/","name":"Gi\u1edbi thi\u1ec7u - Pasl","isPartOf":{"@id":"https:\/\/pasl.com.vn\/#website"},"datePublished":"2023-05-30T06:14:59+00:00","dateModified":"2024-03-21T09:22:35+00:00","breadcrumb":{"@id":"https:\/\/pasl.com.vn\/vi\/gioi-thieu\/#breadcrumb"},"inLanguage":"vi-VN","potentialAction":[{"@type":"ReadAction","target":["https:\/\/pasl.com.vn\/vi\/gioi-thieu\/"]}]},{"@type":"BreadcrumbList","@id":"https:\/\/pasl.com.vn\/vi\/gioi-thieu\/#breadcrumb","itemListElement":[{"@type":"ListItem","position":1,"name":"Trang ch\u1ee7","item":"https:\/\/pasl.com.vn\/vi\/"},{"@type":"ListItem","position":2,"name":"Gi\u1edbi thi\u1ec7u"}]},{"@type":"WebSite","@id":"https:\/\/pasl.com.vn\/#website","url":"https:\/\/pasl.com.vn\/","name":"Pasl","description":"","potentialAction":[{"@type":"SearchAction","target":{"@type":"EntryPoint","urlTemplate":"https:\/\/pasl.com.vn\/?s={search_term_string}"},"query-input":"required name=search_term_string"}],"inLanguage":"vi-VN"}]}},"_links":{"self":[{"href":"https:\/\/pasl.com.vn\/vi\/wp-json\/wp\/v2\/pages\/121","targetHints":{"allow":["GET"]}}],"collection":[{"href":"https:\/\/pasl.com.vn\/vi\/wp-json\/wp\/v2\/pages"}],"about":[{"href":"https:\/\/pasl.com.vn\/vi\/wp-json\/wp\/v2\/types\/page"}],"author":[{"embeddable":true,"href":"https:\/\/pasl.com.vn\/vi\/wp-json\/wp\/v2\/users\/2"}],"replies":[{"embeddable":true,"href":"https:\/\/pasl.com.vn\/vi\/wp-json\/wp\/v2\/comments?post=121"}],"version-history":[{"count":3,"href":"https:\/\/pasl.com.vn\/vi\/wp-json\/wp\/v2\/pages\/121\/revisions"}],"predecessor-version":[{"id":888,"href":"https:\/\/pasl.com.vn\/vi\/wp-json\/wp\/v2\/pages\/121\/revisions\/888"}],"wp:attachment":[{"href":"https:\/\/pasl.com.vn\/vi\/wp-json\/wp\/v2\/media?parent=121"}],"curies":[{"name":"wp","href":"https:\/\/api.w.org\/{rel}","templated":true}]}}